{"id":16337,"date":"2020-09-14T21:48:09","date_gmt":"2020-09-14T21:48:09","guid":{"rendered":"https:\/\/www.rosalesnavas.com\/arkham\/?page_id=16337"},"modified":"2020-09-20T20:39:45","modified_gmt":"2020-09-20T20:39:45","slug":"sobre-mi","status":"publish","type":"page","link":"https:\/\/www.rosalesnavas.com\/arkham\/index.php\/es\/sobre-mi\/","title":{"rendered":"Sobre m\u00ed"},"content":{"rendered":"<p>[vc_row][vc_column]<div class=\"edgt-separator-holder clearfix  edgt-separator-center edgt-separator-full-width\">\n\t<div class=\"edgt-separator\" style=\"border-color: #928e75;border-bottom-width: 1px\"><\/div>\n<\/div>\n[vc_single_image image=\u00bb16150&#8243; img_size=\u00bbfull\u00bb alignment=\u00bbcenter\u00bb]<div class=\"edgt-elements-holder edgt-responsive-mode-768\" ><div class=\"edgt-elements-holder-item edgt-width-1-2 edgt-vertical-alignment-middle edgt-horizontal-alignment-center\" data-item-class=\"edgt-elements-holder-custom-571934\" >\n\t<div class=\"edgt-elements-holder-item-inner\">\n\t\t<div\n\t\t\tclass=\"edgt-elements-holder-item-content edgt-elements-holder-custom-571934\" >\n\t\t\t<div class=\"edgt-elements-holder-item-content-inner\">\n\t\t\t\t<div class=\"edgt-iwt-over edgt-enable-hover-animation\">\n\t\t<div class=\"edgt-image-holder\">\n\t\t<img width=\"506\" height=\"506\" src=\"https:\/\/www.rosalesnavas.com\/arkham\/wp-content\/uploads\/2020\/09\/logo.png\" class=\"attachment-full size-full\" alt=\"\" loading=\"lazy\" srcset=\"https:\/\/www.rosalesnavas.com\/arkham\/wp-content\/uploads\/2020\/09\/logo.png 506w, https:\/\/www.rosalesnavas.com\/arkham\/wp-content\/uploads\/2020\/09\/logo-300x300.png 300w, https:\/\/www.rosalesnavas.com\/arkham\/wp-content\/uploads\/2020\/09\/logo-100x100.png 100w, https:\/\/www.rosalesnavas.com\/arkham\/wp-content\/uploads\/2020\/09\/logo-450x450.png 450w, https:\/\/www.rosalesnavas.com\/arkham\/wp-content\/uploads\/2020\/09\/logo-150x150.png 150w\" sizes=\"(max-width: 506px) 100vw, 506px\" \/>\t<\/div>\n\t<div class=\"edgt-text-holder\" style=\"color: #0a0a0a;background-color: rgba(146,142,117,0.01)\">\n\t\t<div class=\"edgt-text-holder-table\">\n\t\t\t<div class=\"edgt-text-holder-cell\">\n\t\t\t\t<h3 class=\"edgt-iwt-text\">\n\t\t\t\t\tProject ARKHAM HORROR\t\t\t\t<\/h3>\n\t\t\t<\/div>\n\t\t<\/div>\n\t<\/div>\n<\/div>\t\t\t<\/div>\n\t\t<\/div>\n\t<\/div>\n<\/div><div class=\"edgt-elements-holder-item edgt-width-1-1 edgt-vertical-alignment-middle edgt-horizontal-alignment-left\" data-item-class=\"edgt-elements-holder-custom-721557\" >\n\t<div class=\"edgt-elements-holder-item-inner\">\n\t\t<div\n\t\t\tclass=\"edgt-elements-holder-item-content edgt-elements-holder-custom-721557\" >\n\t\t\t<div class=\"edgt-elements-holder-item-content-inner\">\n\t\t\t\t[vc_column_text css=\u00bb.vc_custom_1600634382023{margin-right: 25px !important;}\u00bb]Hola, mi nombre es<\/p>\n<h2>Lucas Rosales<\/h2>\n<p>y he sido t\u00e9cnico inform\u00e1tico y programador de aplicaciones durante mas de 15 a\u00f1os, lo que me ha hecho tener una gran experiencia en todo tipo de tecnolog\u00edas de desarrollo.<\/p>\n<p>En septiembre de 2019 decid\u00ed saltar a la industria de los videojuegos como programador y de forma autodidacta me puse a aprender y practicar todos los entresijos que conlleva la creaci\u00f3n y el desarrollo de un titulo complejo como lo es este.<\/p>\n<p>Despu\u00e9s de un a\u00f1o de concentraci\u00f3n y dura lucha quiero presentar en esta web mi trabajo y mostrar distintos aspectos t\u00e9cnicos con los que se ha ido creando este proyecto.<\/p>\n<p>Todo lo mostrado en esta web no tiene ninguna intenci\u00f3n comercial y solo esta hecho con fines did\u00e1cticos y demostrativos.<\/p>\n<p>Gracias y saludos.[\/vc_column_text]\t\t\t<\/div>\n\t\t<\/div>\n\t<\/div>\n<\/div><\/div>[vc_single_image image=\u00bb16150&#8243; img_size=\u00bbfull\u00bb alignment=\u00bbcenter\u00bb]<div class=\"edgt-separator-holder clearfix  edgt-separator-center edgt-separator-full-width\">\n\t<div class=\"edgt-separator\" style=\"border-color: #928e75;border-bottom-width: 1px\"><\/div>\n<\/div>\n[\/vc_column][\/vc_row][vc_row row_type=\u00bbparallax\u00bb content_aligment=\u00bbcenter\u00bb full_screen_section_height=\u00bbno\u00bb parallax_background_image=\u00bb16455&#8243; parallax_speed=\u00bb0.5&#8243;][vc_column][vc_empty_space height=\u00bb350px\u00bb][\/vc_column][\/vc_row][vc_row][vc_column]<div class=\"edgt-separator-holder clearfix  edgt-separator-center edgt-separator-full-width\">\n\t<div class=\"edgt-separator\" style=\"border-color: #928e75;border-bottom-width: 1px\"><\/div>\n<\/div>\n[vc_single_image image=\u00bb16150&#8243; img_size=\u00bbfull\u00bb alignment=\u00bbcenter\u00bb][\/vc_column][\/vc_row][vc_row content_aligment=\u00bbcenter\u00bb el_id=\u00bbcontact_ancla\u00bb][vc_column]<div class=\"edgt-elements-holder edgt-responsive-mode-768\" ><div class=\"edgt-elements-holder-item edgt-width-1-1 edgt-vertical-alignment-middle edgt-horizontal-alignment-center\" data-item-class=\"edgt-elements-holder-custom-666500\" data-1024-1280=\"20px 25% 100px 25%\" data-768-1024=\"20px 20% 143px 20%\" data-600-768=\"20px 15% 143px 15%\" data-480-600=\"20px 6% 143px 6%\" data-480=\"20px 6% 143px 6%\" >\n\t<div class=\"edgt-elements-holder-item-inner\">\n\t\t<div\n\t\t\tclass=\"edgt-elements-holder-item-content edgt-elements-holder-custom-666500\" style=\"padding: 20px 25% 40px 25%\">\n\t\t\t<div class=\"edgt-elements-holder-item-content-inner\">\n\t\t\t\t[vc_column_text]<\/p>\n<h2><span style=\"color: #ffffff;\">No dudes en contactarme<\/span><\/h2>\n<p>[\/vc_column_text][vc_empty_space height=\u00bb24px\u00bb][vc_single_image image=\u00bb539&#8243; img_size=\u00bbfull\u00bb alignment=\u00bbcenter\u00bb][vc_empty_space height=\u00bb58px\u00bb]<div role=\"form\" class=\"wpcf7\" id=\"wpcf7-f16881-o1\" lang=\"en-US\" dir=\"ltr\">\n<div class=\"screen-reader-response\" role=\"alert\" aria-live=\"polite\"><\/div>\n<form action=\"\/arkham\/index.php\/wp-json\/wp\/v2\/pages\/16337#wpcf7-f16881-o1\" method=\"post\" class=\"wpcf7-form init cf7_custom_style_3\" novalidate=\"novalidate\">\n<div style=\"display: none;\">\n<input type=\"hidden\" name=\"_wpcf7\" value=\"16881\" \/>\n<input type=\"hidden\" name=\"_wpcf7_version\" value=\"5.2.2\" \/>\n<input type=\"hidden\" name=\"_wpcf7_locale\" value=\"en_US\" \/>\n<input type=\"hidden\" name=\"_wpcf7_unit_tag\" value=\"wpcf7-f16881-o1\" \/>\n<input type=\"hidden\" name=\"_wpcf7_container_post\" value=\"0\" \/>\n<input type=\"hidden\" name=\"_wpcf7_posted_data_hash\" value=\"\" \/>\n<\/div>\n<div class=\"edgt-cf7-50-50 \">\n<div class=\"edgt-cf7-col-right\"><span class=\"wpcf7-form-control-wrap your-name\"><input type=\"text\" name=\"your-name\" value=\"\" size=\"40\" class=\"wpcf7-form-control wpcf7-text wpcf7-validates-as-required\" aria-required=\"true\" aria-invalid=\"false\" placeholder=\"NOMBRE\" \/><\/span><\/div>\n<div class=\"edgt-cf7-col-left\"><span class=\"wpcf7-form-control-wrap your-mail\"><input type=\"email\" name=\"your-mail\" value=\"\" size=\"40\" class=\"wpcf7-form-control wpcf7-text wpcf7-email wpcf7-validates-as-required wpcf7-validates-as-email\" aria-required=\"true\" aria-invalid=\"false\" placeholder=\"EMAIL\" \/><\/span><\/div>\n<\/div>\n<div><span class=\"wpcf7-form-control-wrap your-message\"><textarea name=\"your-message\" cols=\"40\" rows=\"6\" class=\"wpcf7-form-control wpcf7-textarea\" aria-invalid=\"false\" placeholder=\"MENSAJE\"><\/textarea><\/span>\n<div>\n<div class=\"edgt-cf7-submit-fullwidth\"><input type=\"submit\" value=\"ENVIAR\" class=\"wpcf7-form-control wpcf7-submit\" \/>\n<div>\n<div class=\"wpcf7-response-output\" role=\"alert\" aria-hidden=\"true\"><\/div><\/form><\/div>\t\t\t<\/div>\n\t\t<\/div>\n\t<\/div>\n<\/div><\/div>[\/vc_column][\/vc_row][vc_row][vc_column][vc_single_image image=\u00bb16150&#8243; img_size=\u00bbfull\u00bb alignment=\u00bbcenter\u00bb]<div class=\"edgt-separator-holder clearfix  edgt-separator-center edgt-separator-full-width\">\n\t<div class=\"edgt-separator\" style=\"border-color: #928e75;border-bottom-width: 1px\"><\/div>\n<\/div>\n[\/vc_column][\/vc_row][vc_row row_type=\u00bbparallax\u00bb content_aligment=\u00bbcenter\u00bb full_screen_section_height=\u00bbno\u00bb parallax_background_image=\u00bb16455&#8243; parallax_speed=\u00bb0.5&#8243;][vc_column][vc_empty_space height=\u00bb350px\u00bb][\/vc_column][\/vc_row]<\/p>\n","protected":false},"excerpt":{"rendered":"<p>[vc_row][vc_column][vc_single_image image=\u00bb16150&#8243; img_size=\u00bbfull\u00bb alignment=\u00bbcenter\u00bb][vc_single_image image=\u00bb16150&#8243; img_size=\u00bbfull\u00bb alignment=\u00bbcenter\u00bb][\/vc_column][\/vc_row][vc_row row_type=\u00bbparallax\u00bb content_aligment=\u00bbcenter\u00bb full_screen_section_height=\u00bbno\u00bb parallax_background_image=\u00bb16455&#8243; parallax_speed=\u00bb0.5&#8243;][vc_column][vc_empty_space height=\u00bb350px\u00bb][\/vc_column][\/vc_row][vc_row][vc_column][vc_single_image image=\u00bb16150&#8243; img_size=\u00bbfull\u00bb alignment=\u00bbcenter\u00bb][\/vc_column][\/vc_row][vc_row content_aligment=\u00bbcenter\u00bb el_id=\u00bbcontact_ancla\u00bb][vc_column][\/vc_column][\/vc_row][vc_row][vc_column][vc_single_image image=\u00bb16150&#8243; img_size=\u00bbfull\u00bb alignment=\u00bbcenter\u00bb][\/vc_column][\/vc_row][vc_row row_type=\u00bbparallax\u00bb content_aligment=\u00bbcenter\u00bb full_screen_section_height=\u00bbno\u00bb parallax_background_image=\u00bb16455&#8243; parallax_speed=\u00bb0.5&#8243;][vc_column][vc_empty_space height=\u00bb350px\u00bb][\/vc_column][\/vc_row]<\/p>\n","protected":false},"author":1,"featured_media":0,"parent":0,"menu_order":0,"comment_status":"closed","ping_status":"closed","template":"full-width.php","meta":{"spay_email":""},"yoast_head":"<!-- This site is optimized with the Yoast SEO plugin v14.9 - https:\/\/yoast.com\/wordpress\/plugins\/seo\/ -->\n<title>Sobre m\u00ed - Project ARKHAM HORROR<\/title>\n<meta name=\"robots\" content=\"index, follow, max-snippet:-1, max-image-preview:large, max-video-preview:-1\" \/>\n<link rel=\"canonical\" href=\"https:\/\/www.rosalesnavas.com\/arkham\/index.php\/es\/sobre-mi\/\" \/>\n<meta property=\"og:locale\" content=\"es_ES\" \/>\n<meta property=\"og:type\" content=\"article\" \/>\n<meta property=\"og:title\" content=\"Sobre m\u00ed - Project ARKHAM HORROR\" \/>\n<meta property=\"og:description\" content=\"[vc_row][vc_column][vc_single_image image=\u00bb16150&#8243; img_size=\u00bbfull\u00bb alignment=\u00bbcenter\u00bb][vc_single_image image=\u00bb16150&#8243; img_size=\u00bbfull\u00bb alignment=\u00bbcenter\u00bb][\/vc_column][\/vc_row][vc_row row_type=\u00bbparallax\u00bb content_aligment=\u00bbcenter\u00bb full_screen_section_height=\u00bbno\u00bb parallax_background_image=\u00bb16455&#8243; parallax_speed=\u00bb0.5&#8243;][vc_column][vc_empty_space height=\u00bb350px\u00bb][\/vc_column][\/vc_row][vc_row][vc_column][vc_single_image image=\u00bb16150&#8243; img_size=\u00bbfull\u00bb alignment=\u00bbcenter\u00bb][\/vc_column][\/vc_row][vc_row content_aligment=\u00bbcenter\u00bb el_id=\u00bbcontact_ancla\u00bb][vc_column][\/vc_column][\/vc_row][vc_row][vc_column][vc_single_image image=\u00bb16150&#8243; img_size=\u00bbfull\u00bb alignment=\u00bbcenter\u00bb][\/vc_column][\/vc_row][vc_row row_type=\u00bbparallax\u00bb content_aligment=\u00bbcenter\u00bb full_screen_section_height=\u00bbno\u00bb parallax_background_image=\u00bb16455&#8243; parallax_speed=\u00bb0.5&#8243;][vc_column][vc_empty_space height=\u00bb350px\u00bb][\/vc_column][\/vc_row]\" \/>\n<meta property=\"og:url\" content=\"https:\/\/www.rosalesnavas.com\/arkham\/index.php\/es\/sobre-mi\/\" \/>\n<meta property=\"og:site_name\" content=\"Project ARKHAM HORROR\" \/>\n<meta property=\"article:modified_time\" content=\"2020-09-20T20:39:45+00:00\" \/>\n<meta name=\"twitter:card\" content=\"summary_large_image\" \/>\n<script type=\"application\/ld+json\" class=\"yoast-schema-graph\">{\"@context\":\"https:\/\/schema.org\",\"@graph\":[{\"@type\":\"WebSite\",\"@id\":\"https:\/\/www.rosalesnavas.com\/arkham\/#website\",\"url\":\"https:\/\/www.rosalesnavas.com\/arkham\/\",\"name\":\"Project ARKHAM HORROR\",\"description\":\"Version digital de Arkham Horror LCG\",\"potentialAction\":[{\"@type\":\"SearchAction\",\"target\":\"https:\/\/www.rosalesnavas.com\/arkham\/?s={search_term_string}\",\"query-input\":\"required name=search_term_string\"}],\"inLanguage\":\"es\"},{\"@type\":\"WebPage\",\"@id\":\"https:\/\/www.rosalesnavas.com\/arkham\/index.php\/es\/sobre-mi\/#webpage\",\"url\":\"https:\/\/www.rosalesnavas.com\/arkham\/index.php\/es\/sobre-mi\/\",\"name\":\"Sobre m\\u00ed - Project ARKHAM HORROR\",\"isPartOf\":{\"@id\":\"https:\/\/www.rosalesnavas.com\/arkham\/#website\"},\"datePublished\":\"2020-09-14T21:48:09+00:00\",\"dateModified\":\"2020-09-20T20:39:45+00:00\",\"inLanguage\":\"es\",\"potentialAction\":[{\"@type\":\"ReadAction\",\"target\":[\"https:\/\/www.rosalesnavas.com\/arkham\/index.php\/es\/sobre-mi\/\"]}]}]}<\/script>\n<!-- \/ Yoast SEO plugin. -->","_links":{"self":[{"href":"https:\/\/www.rosalesnavas.com\/arkham\/index.php\/wp-json\/wp\/v2\/pages\/16337"}],"collection":[{"href":"https:\/\/www.rosalesnavas.com\/arkham\/index.php\/wp-json\/wp\/v2\/pages"}],"about":[{"href":"https:\/\/www.rosalesnavas.com\/arkham\/index.php\/wp-json\/wp\/v2\/types\/page"}],"author":[{"embeddable":true,"href":"https:\/\/www.rosalesnavas.com\/arkham\/index.php\/wp-json\/wp\/v2\/users\/1"}],"replies":[{"embeddable":true,"href":"https:\/\/www.rosalesnavas.com\/arkham\/index.php\/wp-json\/wp\/v2\/comments?post=16337"}],"version-history":[{"count":92,"href":"https:\/\/www.rosalesnavas.com\/arkham\/index.php\/wp-json\/wp\/v2\/pages\/16337\/revisions"}],"predecessor-version":[{"id":16913,"href":"https:\/\/www.rosalesnavas.com\/arkham\/index.php\/wp-json\/wp\/v2\/pages\/16337\/revisions\/16913"}],"wp:attachment":[{"href":"https:\/\/www.rosalesnavas.com\/arkham\/index.php\/wp-json\/wp\/v2\/media?parent=16337"}],"curies":[{"name":"wp","href":"https:\/\/api.w.org\/{rel}","templated":true}]}}